{"id":30,"date":"2015-12-23T00:57:36","date_gmt":"2015-12-22T23:57:36","guid":{"rendered":"http:\/\/www.weibold.cc\/?page_id=30"},"modified":"2015-12-23T01:30:28","modified_gmt":"2015-12-23T00:30:28","slug":"focusing","status":"publish","type":"page","link":"https:\/\/www.weibold.cc\/?page_id=30","title":{"rendered":"Focusing"},"content":{"rendered":"<p style=\"text-align: left;\"><a href=\"http:\/\/www.weibold.cc\/?page_id=22\"><img loading=\"lazy\" decoding=\"async\" class=\"size-full wp-image-31 alignright\" src=\"http:\/\/www.weibold.cc\/wp-content\/uploads\/2015\/12\/logomal.gif\" alt=\"logomal\" width=\"479\" height=\"583\" \/><\/a><\/p>\n<p style=\"text-align: right;\">Management<\/p>\n<p style=\"text-align: right;\">von<br \/>\nFOCUSING<br \/>\nals<br \/>\nHeilwissen<br \/>\ndas Tor in tiefere, weitere und spirituelle Welten<br \/>\nals<br \/>\nHeilprozess<\/p>\n<p style=\"text-align: right;\">der nat\u00fcrliche, organismische<br \/>\nZugang<br \/>\nzu diesen Welten<br \/>\n\u00fcber den<br \/>\nK\u00f6rper,<br \/>\nalle Sinne<br \/>\nund<br \/>\neine tiefe innere Wahrnehmung<br \/>\nals<br \/>\nHeilbeziehung<\/p>\n<p style=\"text-align: right;\">eine neue tiefere Beziehung<br \/>\nzu sich selbst<br \/>\nzum Du<br \/>\nzur Natur<br \/>\nzum Kosmos<br \/>\nzu Gott<\/p>\n","protected":false},"excerpt":{"rendered":"<p>Management von FOCUSING als Heilwissen das Tor in tiefere, weitere und spirituelle Welten als Heilprozess der nat\u00fcrliche, organismische Zugang zu diesen Welten \u00fcber den K\u00f6rper, alle Sinne und eine tiefe innere Wahrnehmung als Heilbeziehung eine neue tiefere Beziehung zu sich selbst zum Du zur Natur zum Kosmos zu Gott<\/p>\n","protected":false},"author":1,"featured_media":0,"parent":22,"menu_order":0,"comment_status":"closed","ping_status":"closed","template":"","meta":{"footnotes":""},"_links":{"self":[{"href":"https:\/\/www.weibold.cc\/index.php?rest_route=\/wp\/v2\/pages\/30"}],"collection":[{"href":"https:\/\/www.weibold.cc\/index.php?rest_route=\/wp\/v2\/pages"}],"about":[{"href":"https:\/\/www.weibold.cc\/index.php?rest_route=\/wp\/v2\/types\/page"}],"author":[{"embeddable":true,"href":"https:\/\/www.weibold.cc\/index.php?rest_route=\/wp\/v2\/users\/1"}],"replies":[{"embeddable":true,"href":"https:\/\/www.weibold.cc\/index.php?rest_route=%2Fwp%2Fv2%2Fcomments&post=30"}],"version-history":[{"count":6,"href":"https:\/\/www.weibold.cc\/index.php?rest_route=\/wp\/v2\/pages\/30\/revisions"}],"predecessor-version":[{"id":48,"href":"https:\/\/www.weibold.cc\/index.php?rest_route=\/wp\/v2\/pages\/30\/revisions\/48"}],"up":[{"embeddable":true,"href":"https:\/\/www.weibold.cc\/index.php?rest_route=\/wp\/v2\/pages\/22"}],"wp:attachment":[{"href":"https:\/\/www.weibold.cc\/index.php?rest_route=%2Fwp%2Fv2%2Fmedia&parent=30"}],"curies":[{"name":"wp","href":"https:\/\/api.w.org\/{rel}","templated":true}]}}